{"id":1299,"date":"2023-10-09T09:44:30","date_gmt":"2023-10-09T09:44:30","guid":{"rendered":"http:\/\/hajnoczy.com\/wp\/?page_id=1299"},"modified":"2025-09-24T09:57:46","modified_gmt":"2025-09-24T09:57:46","slug":"pedagogusaink","status":"publish","type":"page","link":"http:\/\/hajnoczy.com\/wp\/pedagogusaink\/","title":{"rendered":"Pedag\u00f3gusaink"},"content":{"rendered":"\n<p><strong>\u201eA pedag\u00f3gusi hit, mely ink\u00e1bb a term\u00e9szet, mint n\u00e9zet dolga, kett\u0151t t\u00e9telez fel: hogy az emberek (az eddigin\u00e9l k\u00fcl\u00f6nbb\u00e9) nevelhet\u0151k s hogy (az eddigin\u00e9l t\u00f6bbre) tan\u00edthat\u00f3k.\u201d<\/strong><\/p>\n\n\n\n<p class=\"has-text-align-right\"><em><em>(N\u00e9meth &nbsp;L\u00e1szl\u00f3)<\/em><\/em><\/p>\n\n\n\n<div class=\"wp-block-columns is-layout-flex wp-container-6 wp-block-columns-is-layout-flex\">\n<div class=\"wp-block-column is-layout-flow wp-block-column-is-layout-flow\" style=\"flex-basis:100%\">\n<div class=\"wp-block-columns is-layout-flex wp-container-4 wp-block-columns-is-layout-flex\">\n<div class=\"wp-block-column is-layout-flow wp-block-column-is-layout-flow\" style=\"flex-basis:100%\">\n<div class=\"wp-block-columns is-layout-flex wp-container-2 wp-block-columns-is-layout-flex\">\n<div class=\"wp-block-column is-layout-flow wp-block-column-is-layout-flow\" style=\"flex-basis:100%\">\n<figure class=\"wp-block-table\"><table><tbody><tr><td>Vass Zolt\u00e1n<\/td><td>f\u0151igazgat\u00f3; magyar \u2013 t\u00f6rt\u00e9nelem szakos tan\u00e1r<\/td><\/tr><tr><td>Nagyn\u00e9 K\u00e1v\u00e1si M\u00f3nika<\/td><td>f\u0151igazgat\u00f3-helyettes; matematika \u2013 informatika \u2013 pedag\u00f3giai szakos, a szakmai munkak\u00f6z\u00f6ss\u00e9g vezet\u0151i feladatokat is ell\u00e1t\u00f3 tan\u00e1r<\/td><\/tr><tr><td>Szlank\u00f3 Tiborn\u00e9<\/td><td>f\u0151igazgat\u00f3-helyettes; matematika \u2013 fizika \u2013 informatika szakos tan\u00e1r; kompetenciam\u00e9r\u00e9s int\u00e9zm\u00e9nyi koordin\u00e1tor<\/td><\/tr><tr><td>Bacz\u00far Istv\u00e1n<\/td><td>10. b oszt\u00e1lyf\u0151n\u00f6k; biol\u00f3gia \u2013 k\u00e9mia szakos tan\u00e1r, mesterpedag\u00f3gus<\/td><\/tr><tr><td>Beke L\u00e1szl\u00f3n\u00e9 Bakos Erzs\u00e9bet<\/td><td>t\u00f6rt\u00e9nelem \u2013 angol nyelv szakos tan\u00e1r, mesterpedag\u00f3gus<\/td><\/tr><tr><td>Bolnovszky Szid\u00f3nia<\/td><td>12. d oszt\u00e1lyf\u0151n\u00f6k; f\u00f6ldrajz \u2013 angol nyelv szakos tan\u00e1r<\/td><\/tr><tr><td>Cseuz Alexandra<\/td><td>9. c oszt\u00e1lyf\u0151n\u00f6k; Honv\u00e9d Kad\u00e9t Program int\u00e9zm\u00e9nyi instruktor; angol nyelv \u2013 testnevel\u00e9s szakos tan\u00e1r<\/td><\/tr><tr><td>Cs\u00edk Be\u00e1ta<\/td><td>iskolai di\u00e1k\u00f6nkorm\u00e1nyzat (D\u00d6K) munk\u00e1j\u00e1t seg\u00edt\u0151, n\u00e9met nyelv szakos tan\u00e1r; koll\u00e9giumi nevel\u0151i feladatokat ell\u00e1t\u00f3 pedag\u00f3gus<\/td><\/tr><tr><td>Cs\u00fazi G\u00e1born\u00e9 Varga Erzs\u00e9bet<\/td><td>magyar nyelv \u00e9s irodalom munkak\u00f6z\u00f6ss\u00e9g-vezet\u0151; mesterpedag\u00f3gus; magyar nyelv \u00e9s irodalom \u2013 n\u00e9met nyelv szakos tan\u00e1r; koll\u00e9giumi nevel\u0151i feladatokat ell\u00e1t\u00f3 pedag\u00f3gus<\/td><\/tr><tr><td>Dobr\u00f3k\u00e1n\u00e9 Kun Ir\u00e9n<\/td><td>11. c oszt\u00e1lyf\u0151n\u00f6k; magyar nyelv \u00e9s irodalom \u2013 angol nyelv szakos tan\u00e1r<\/td><\/tr><tr><td>Feket\u00e9n\u00e9 Nov\u00e1k Zsuzsanna<\/td><td>nevel\u00e9si munkak\u00f6z\u00f6ss\u00e9g-vezet\u0151; t\u00f6rt\u00e9nelem szakos tan\u00e1r, szakmai t\u00e1rgyak oktat\u00f3ja<\/td><\/tr><tr><td>Fekete-Nagy Kata<\/td><td>testnevel\u00e9s szakos tan\u00e1r<\/td><\/tr><tr><td>Frigyesn\u00e9 N\u00e1di Julianna<\/td><td>angol nyelv szakos tan\u00e1r<\/td><\/tr><tr><td>G\u00e1sp\u00e1r L\u00e1szl\u00f3<\/td><td>12. c oszt\u00e1lyf\u0151n\u00f6k; testnevel\u00e9s szakos tan\u00e1r<\/td><\/tr><tr><td>Forg\u00f3n\u00e9 Szab\u00f3 Anik\u00f3<\/td><td>koll\u00e9giumi csoportvezet\u0151, koll\u00e9giumi D\u00d6K munk\u00e1j\u00e1t seg\u00edt\u0151 pedag\u00f3gus; m\u0171szaki tan\u00e1r<\/td><\/tr><tr><td>Jernei Katalin<\/td><td>10.a oszt\u00e1lyf\u0151n\u00f6k; matematika \u2013 fizika szakos tan\u00e1r<\/td><\/tr><tr><td>Kis Annam\u00e1ria<\/td><td>n\u00e9met nyelv szakos tan\u00e1r; koll\u00e9giumi nevel\u0151i feladatokat ell\u00e1t\u00f3 pedag\u00f3gus<\/td><\/tr><tr><td>Kisn\u00e9met L\u00e1szl\u00f3<\/td><td>alezredes katona oktat\u00f3, a honv\u00e9delem tant\u00e1rgy tan\u00edt\u00f3ja; m\u0171szaki tan\u00e1r<\/td><\/tr><tr><td>Kissn\u00e9 Feh\u00e9r Edit<\/td><td>t\u00e1rsadalomtudom\u00e1nyi munkak\u00f6z\u00f6ss\u00e9g-vezet\u0151; t\u00f6rt\u00e9nelem \u2013 \u00e9nek-zene szakos tan\u00e1r<\/td><\/tr><tr><td>Kov\u00e1csn\u00e9 Kardos Magdolna<\/td><td>14. a oszt\u00e1lyf\u0151n\u00f6k, gyermek \u00e9s ifj\u00fas\u00e1gv\u00e9delmi feladatokat ell\u00e1t\u00f3, pedag\u00f3giai szakos tan\u00e1r; koll\u00e9giumi nevel\u0151i feladatokat ell\u00e1t\u00f3 pedag\u00f3gus<\/td><\/tr><tr><td>K\u00fcrt\u00f6s Zsuzsanna<\/td><td>11. a oszt\u00e1lyf\u0151n\u00f6k, matematika-fizika-informatika munkak\u00f6z\u00f6ss\u00e9g-vezet\u0151; matematika \u2013 fizika szakos tan\u00e1r<\/td><\/tr><tr><td>Moln\u00e1r Katalin<\/td><td>12. a oszt\u00e1lyf\u0151n\u00f6k, magyar nyelv \u00e9s irodalom \u2013 angol nyelv szakos tan\u00e1r; koll\u00e9giumi nevel\u0151i feladatokat ell\u00e1t\u00f3 pedag\u00f3gus, az emelt szint\u0171 \u00e9retts\u00e9gi vizsg\u00e1k vizsg\u00e1ztat\u00f3i bizotts\u00e1g\u00e1ban r\u00e9szt vev\u0151 pedag\u00f3gus, \u00e9retts\u00e9gi eln\u00f6ki feladatokat ell\u00e1t\u00f3 pedag\u00f3gus<\/td><\/tr><tr><td>M\u00f3nus Zolt\u00e1n<\/td><td>10. d oszt\u00e1lyf\u0151n\u00f6k, az emelt szint\u0171 \u00e9retts\u00e9gi vizsg\u00e1k vizsg\u00e1ztat\u00f3i bizotts\u00e1g\u00e1ban r\u00e9szt vev\u0151 pedag\u00f3gus, \u00e9retts\u00e9gi eln\u00f6ki feladatokat ell\u00e1t\u00f3 pedag\u00f3gus; matematika \u2013 fizika \u2013 informatika szakos tan\u00e1r<\/td><\/tr><tr><td>R\u00e1cz T\u00fcnde Anna<\/td><td>angol nyelv \u2013 ember \u00e9s t\u00e1rsadalom m\u0171velts\u00e9g ter\u00fcleti mestertan\u00e1r<\/td><\/tr><tr><td>S\u00e1pi Vilmos<\/td><td>term\u00e9szettudom\u00e1nyi \u00e9s testnevel\u00e9s \u00e9s sport munkak\u00f6z\u00f6ss\u00e9g-vezet\u0151, koll\u00e9giumi nevel\u0151i feladatokat ell\u00e1t\u00f3 pedag\u00f3gus; t\u00f6rt\u00e9nelem \u2013 f\u00f6ldrajz szakos tan\u00e1r<\/td><\/tr><tr><td>Sz\u00e9les Tam\u00e1s<\/td><td>9.a oszt\u00e1lyf\u0151n\u00f6k; magyar nyelv \u00e9s irodalom \u2013 mozg\u00f3k\u00e9pkult\u00fara \u00e9s m\u00e9dia szakos tan\u00e1r<\/td><\/tr><tr><td>Szilva Erzs\u00e9bet<\/td><td>magyar nyelv \u00e9s irodalom \u2013 n\u00e9met nyelv szakos tan\u00e1r; \u00e9retts\u00e9gi eln\u00f6ki feladatokat ell\u00e1t\u00f3 pedag\u00f3gus<\/td><\/tr><tr><td>Szlank\u00f3 Tibor<\/td><td>informatikai rendszergazda feladatokat ell\u00e1t\u00f3 informatika szakos tan\u00e1r<\/td><\/tr><tr><td>T\u00f3gyer Ferenc<\/td><td>10. c oszt\u00e1lyf\u0151n\u00f6k; testnevel\u00e9s szakos tan\u00e1r<\/td><\/tr><tr><td>Varga Erika<\/td><td>vizu\u00e1lis kult\u00fara \u2013 t\u00e1rsadalomismeret \u2013 etika szakos tan\u00e1r, szociol\u00f3gus; koll\u00e9giumi nevel\u0151i feladatokat ell\u00e1t\u00f3 pedag\u00f3gus<\/td><\/tr><tr><td>Vida Erika<\/td><td>angol nyelv szakos tan\u00e1r<\/td><\/tr><tr><td>Viczi\u00e1n L\u00edvia<\/td><td>idegen nyelvi munkak\u00f6z\u00f6ss\u00e9g-vezet\u0151; n\u00e9met nyelv szakos tan\u00e1r; koll\u00e9giumi nevel\u0151i feladatokat ell\u00e1t\u00f3 pedag\u00f3gus<\/td><\/tr><tr><td>Papp Anett<\/td><td>biol\u00f3gia &#8211; k\u00e9mia szakos tan\u00e1r, \u00f3raad\u00f3<\/td><\/tr><tr><td>Markovics-F\u0151cz\u00e9n Rita<\/td><td>k\u00f6nyvt\u00e1ros<\/td><\/tr><tr><td>Koml\u00f3s P\u00e9ter<\/td><td>szoci\u00e1lis seg\u00edt\u0151<\/td><\/tr><tr><td><strong>Utaz\u00f3 gy\u00f3gypedag\u00f3gusok<\/strong><\/td><td>&nbsp;<\/td><\/tr><tr><td>Budai J\u00f3zsef<\/td><td>gy\u00f3gypedag\u00f3gus<\/td><\/tr><tr><td>Kiss Gy\u00f6ngyi<\/td><td>gy\u00f3gypedag\u00f3gus<\/td><\/tr><tr><td>Papp Mih\u00e1ly<\/td><td>gy\u00f3gypedag\u00f3gus<\/td><\/tr><tr><td>Dajka Anita<\/td><td>gy\u00f3gypedag\u00f3gus<\/td><\/tr><tr><td>Xu Leila<\/td><td>gy\u00f3gypedag\u00f3gus<\/td><\/tr><\/tbody><\/table><\/figure>\n<\/div>\n<\/div>\n<\/div>\n<\/div>\n<\/div>\n<\/div>\n\n\n\n<div style=\"height:41px\" aria-hidden=\"true\" class=\"wp-block-spacer\"><\/div>\n","protected":false},"excerpt":{"rendered":"<p>\u201eA pedag\u00f3gusi hit, mely ink\u00e1bb a term\u00e9szet, mint n\u00e9zet dolga, kett\u0151t t\u00e9telez fel: hogy az emberek (az eddigin\u00e9l k\u00fcl\u00f6nbb\u00e9) nevelhet\u0151k s hogy (az eddigin\u00e9l t\u00f6bbre) tan\u00edthat\u00f3k.\u201d (N\u00e9meth &nbsp;L\u00e1szl\u00f3) Vass Zolt\u00e1n f\u0151igazgat\u00f3; magyar \u2013 t\u00f6rt\u00e9nelem szakos tan\u00e1r Nagyn\u00e9 K\u00e1v\u00e1si M\u00f3nika f\u0151igazgat\u00f3-helyettes; <a href=\"http:\/\/hajnoczy.com\/wp\/pedagogusaink\/\" class=\"read-more\">Olvasson tov\u00e1bb &#8230;<\/a><\/p>\n","protected":false},"author":1,"featured_media":0,"parent":0,"menu_order":0,"comment_status":"closed","ping_status":"closed","template":"","meta":{"footnotes":""},"yoast_head":"<!-- This site is optimized with the Yoast SEO plugin v22.6 - https:\/\/yoast.com\/wordpress\/plugins\/seo\/ -->\n<title>Pedag\u00f3gusaink - HJG<\/title>\n<meta name=\"description\" content=\"Pedag\u00f3gusaink, tan\u00e1raink a 2020\/2021-es tan\u00e9vben. A k\u00e9p a nevel\u0151test\u00fcleti kir\u00e1ndul\u00e1son k\u00e9sz\u00fclt, Gyul\u00e1n, az Alm\u00e1sy-kast\u00e9lyn\u00e1l.\" \/>\n<meta name=\"robots\" content=\"index, follow, max-snippet:-1, max-image-preview:large, max-video-preview:-1\" \/>\n<link rel=\"canonical\" href=\"https:\/\/hajnoczy.com\/wp\/pedagogusaink\/\" \/>\n<meta property=\"og:locale\" content=\"hu_HU\" \/>\n<meta property=\"og:type\" content=\"article\" \/>\n<meta property=\"og:title\" content=\"Pedag\u00f3gusaink - HJG\" \/>\n<meta property=\"og:description\" content=\"Pedag\u00f3gusaink, tan\u00e1raink a 2020\/2021-es tan\u00e9vben. A k\u00e9p a nevel\u0151test\u00fcleti kir\u00e1ndul\u00e1son k\u00e9sz\u00fclt, Gyul\u00e1n, az Alm\u00e1sy-kast\u00e9lyn\u00e1l.\" \/>\n<meta property=\"og:url\" content=\"https:\/\/hajnoczy.com\/wp\/pedagogusaink\/\" \/>\n<meta property=\"og:site_name\" content=\"HJG\" \/>\n<meta property=\"article:modified_time\" content=\"2025-09-24T09:57:46+00:00\" \/>\n<meta name=\"twitter:card\" content=\"summary_large_image\" \/>\n<meta name=\"twitter:label1\" content=\"Becs\u00fclt olvas\u00e1si id\u0151\" \/>\n\t<meta name=\"twitter:data1\" content=\"3 perc\" \/>\n<script type=\"application\/ld+json\" class=\"yoast-schema-graph\">{\"@context\":\"https:\/\/schema.org\",\"@graph\":[{\"@type\":\"WebPage\",\"@id\":\"https:\/\/hajnoczy.com\/wp\/pedagogusaink\/\",\"url\":\"https:\/\/hajnoczy.com\/wp\/pedagogusaink\/\",\"name\":\"Pedag\u00f3gusaink - HJG\",\"isPartOf\":{\"@id\":\"https:\/\/hajnoczy.com\/wp\/#website\"},\"datePublished\":\"2023-10-09T09:44:30+00:00\",\"dateModified\":\"2025-09-24T09:57:46+00:00\",\"description\":\"Pedag\u00f3gusaink, tan\u00e1raink a 2020\/2021-es tan\u00e9vben. A k\u00e9p a nevel\u0151test\u00fcleti kir\u00e1ndul\u00e1son k\u00e9sz\u00fclt, Gyul\u00e1n, az Alm\u00e1sy-kast\u00e9lyn\u00e1l.\",\"breadcrumb\":{\"@id\":\"https:\/\/hajnoczy.com\/wp\/pedagogusaink\/#breadcrumb\"},\"inLanguage\":\"hu\",\"potentialAction\":[{\"@type\":\"ReadAction\",\"target\":[\"https:\/\/hajnoczy.com\/wp\/pedagogusaink\/\"]}]},{\"@type\":\"BreadcrumbList\",\"@id\":\"https:\/\/hajnoczy.com\/wp\/pedagogusaink\/#breadcrumb\",\"itemListElement\":[{\"@type\":\"ListItem\",\"position\":1,\"name\":\"Kezd\u0151lap\",\"item\":\"https:\/\/hajnoczy.com\/wp\/\"},{\"@type\":\"ListItem\",\"position\":2,\"name\":\"Pedag\u00f3gusaink\"}]},{\"@type\":\"WebSite\",\"@id\":\"https:\/\/hajnoczy.com\/wp\/#website\",\"url\":\"https:\/\/hajnoczy.com\/wp\/\",\"name\":\"HJG\",\"description\":\"Hajn\u00f3czy J\u00f3zsef Gimn\u00e1zium, Hum\u00e1n Szakgimn\u00e1zium \u00e9s Koll\u00e9gium\",\"publisher\":{\"@id\":\"https:\/\/hajnoczy.com\/wp\/#organization\"},\"potentialAction\":[{\"@type\":\"SearchAction\",\"target\":{\"@type\":\"EntryPoint\",\"urlTemplate\":\"https:\/\/hajnoczy.com\/wp\/?s={search_term_string}\"},\"query-input\":\"required name=search_term_string\"}],\"inLanguage\":\"hu\"},{\"@type\":\"Organization\",\"@id\":\"https:\/\/hajnoczy.com\/wp\/#organization\",\"name\":\"HJG\",\"url\":\"https:\/\/hajnoczy.com\/wp\/\",\"logo\":{\"@type\":\"ImageObject\",\"inLanguage\":\"hu\",\"@id\":\"https:\/\/hajnoczy.com\/wp\/#\/schema\/logo\/image\/\",\"url\":\"http:\/\/hajnoczy.com\/wp\/wp-content\/uploads\/2020\/10\/cropped-hjg_logo_small.png\",\"contentUrl\":\"http:\/\/hajnoczy.com\/wp\/wp-content\/uploads\/2020\/10\/cropped-hjg_logo_small.png\",\"width\":75,\"height\":75,\"caption\":\"HJG\"},\"image\":{\"@id\":\"https:\/\/hajnoczy.com\/wp\/#\/schema\/logo\/image\/\"}}]}<\/script>\n<!-- \/ Yoast SEO plugin. -->","yoast_head_json":{"title":"Pedag\u00f3gusaink - HJG","description":"Pedag\u00f3gusaink, tan\u00e1raink a 2020\/2021-es tan\u00e9vben. A k\u00e9p a nevel\u0151test\u00fcleti kir\u00e1ndul\u00e1son k\u00e9sz\u00fclt, Gyul\u00e1n, az Alm\u00e1sy-kast\u00e9lyn\u00e1l.","robots":{"index":"index","follow":"follow","max-snippet":"max-snippet:-1","max-image-preview":"max-image-preview:large","max-video-preview":"max-video-preview:-1"},"canonical":"https:\/\/hajnoczy.com\/wp\/pedagogusaink\/","og_locale":"hu_HU","og_type":"article","og_title":"Pedag\u00f3gusaink - HJG","og_description":"Pedag\u00f3gusaink, tan\u00e1raink a 2020\/2021-es tan\u00e9vben. A k\u00e9p a nevel\u0151test\u00fcleti kir\u00e1ndul\u00e1son k\u00e9sz\u00fclt, Gyul\u00e1n, az Alm\u00e1sy-kast\u00e9lyn\u00e1l.","og_url":"https:\/\/hajnoczy.com\/wp\/pedagogusaink\/","og_site_name":"HJG","article_modified_time":"2025-09-24T09:57:46+00:00","twitter_card":"summary_large_image","twitter_misc":{"Becs\u00fclt olvas\u00e1si id\u0151":"3 perc"},"schema":{"@context":"https:\/\/schema.org","@graph":[{"@type":"WebPage","@id":"https:\/\/hajnoczy.com\/wp\/pedagogusaink\/","url":"https:\/\/hajnoczy.com\/wp\/pedagogusaink\/","name":"Pedag\u00f3gusaink - HJG","isPartOf":{"@id":"https:\/\/hajnoczy.com\/wp\/#website"},"datePublished":"2023-10-09T09:44:30+00:00","dateModified":"2025-09-24T09:57:46+00:00","description":"Pedag\u00f3gusaink, tan\u00e1raink a 2020\/2021-es tan\u00e9vben. A k\u00e9p a nevel\u0151test\u00fcleti kir\u00e1ndul\u00e1son k\u00e9sz\u00fclt, Gyul\u00e1n, az Alm\u00e1sy-kast\u00e9lyn\u00e1l.","breadcrumb":{"@id":"https:\/\/hajnoczy.com\/wp\/pedagogusaink\/#breadcrumb"},"inLanguage":"hu","potentialAction":[{"@type":"ReadAction","target":["https:\/\/hajnoczy.com\/wp\/pedagogusaink\/"]}]},{"@type":"BreadcrumbList","@id":"https:\/\/hajnoczy.com\/wp\/pedagogusaink\/#breadcrumb","itemListElement":[{"@type":"ListItem","position":1,"name":"Kezd\u0151lap","item":"https:\/\/hajnoczy.com\/wp\/"},{"@type":"ListItem","position":2,"name":"Pedag\u00f3gusaink"}]},{"@type":"WebSite","@id":"https:\/\/hajnoczy.com\/wp\/#website","url":"https:\/\/hajnoczy.com\/wp\/","name":"HJG","description":"Hajn\u00f3czy J\u00f3zsef Gimn\u00e1zium, Hum\u00e1n Szakgimn\u00e1zium \u00e9s Koll\u00e9gium","publisher":{"@id":"https:\/\/hajnoczy.com\/wp\/#organization"},"potentialAction":[{"@type":"SearchAction","target":{"@type":"EntryPoint","urlTemplate":"https:\/\/hajnoczy.com\/wp\/?s={search_term_string}"},"query-input":"required name=search_term_string"}],"inLanguage":"hu"},{"@type":"Organization","@id":"https:\/\/hajnoczy.com\/wp\/#organization","name":"HJG","url":"https:\/\/hajnoczy.com\/wp\/","logo":{"@type":"ImageObject","inLanguage":"hu","@id":"https:\/\/hajnoczy.com\/wp\/#\/schema\/logo\/image\/","url":"http:\/\/hajnoczy.com\/wp\/wp-content\/uploads\/2020\/10\/cropped-hjg_logo_small.png","contentUrl":"http:\/\/hajnoczy.com\/wp\/wp-content\/uploads\/2020\/10\/cropped-hjg_logo_small.png","width":75,"height":75,"caption":"HJG"},"image":{"@id":"https:\/\/hajnoczy.com\/wp\/#\/schema\/logo\/image\/"}}]}},"_links":{"self":[{"href":"http:\/\/hajnoczy.com\/wp\/wp-json\/wp\/v2\/pages\/1299"}],"collection":[{"href":"http:\/\/hajnoczy.com\/wp\/wp-json\/wp\/v2\/pages"}],"about":[{"href":"http:\/\/hajnoczy.com\/wp\/wp-json\/wp\/v2\/types\/page"}],"author":[{"embeddable":true,"href":"http:\/\/hajnoczy.com\/wp\/wp-json\/wp\/v2\/users\/1"}],"replies":[{"embeddable":true,"href":"http:\/\/hajnoczy.com\/wp\/wp-json\/wp\/v2\/comments?post=1299"}],"version-history":[{"count":22,"href":"http:\/\/hajnoczy.com\/wp\/wp-json\/wp\/v2\/pages\/1299\/revisions"}],"predecessor-version":[{"id":2591,"href":"http:\/\/hajnoczy.com\/wp\/wp-json\/wp\/v2\/pages\/1299\/revisions\/2591"}],"wp:attachment":[{"href":"http:\/\/hajnoczy.com\/wp\/wp-json\/wp\/v2\/media?parent=1299"}],"curies":[{"name":"wp","href":"https:\/\/api.w.org\/{rel}","templated":true}]}}