{"id":1942,"date":"2024-09-30T15:20:37","date_gmt":"2024-09-30T15:20:37","guid":{"rendered":"https:\/\/hajnoczy.com\/wp\/?page_id=1942"},"modified":"2025-09-12T18:38:57","modified_gmt":"2025-09-12T18:38:57","slug":"munkaterv-2024-2025","status":"publish","type":"page","link":"https:\/\/hajnoczy.com\/wp\/munkaterv-2024-2025\/","title":{"rendered":"Munkaterv 2025\/2026"},"content":{"rendered":"\n<p><a href=\"http:\/\/hajnoczy.com\/wp\/wp-content\/uploads\/2025\/09\/2025_2026-munkaterv_utemterve_vegleges.pdf\">Megtekinthet\u0151, let\u00f6lthet\u0151 PDF form\u00e1tumban a linkre kattintva. \u2013><\/a><\/p>\n\n\n\n<div class=\"wp-block-file\"><object class=\"wp-block-file__embed\" data=\"https:\/\/hajnoczy.com\/wp\/wp-content\/uploads\/2025\/09\/2025_2026-munkaterv_utemterve_vegleges-1.pdf\" type=\"application\/pdf\" style=\"width:100%;height:600px\" aria-label=\"2025_2026-munkaterv_utemterve_vegleges-1 be\u00e1gyaz\u00e1sa\"><\/object><a id=\"wp-block-file--media-4b1d587e-141c-47af-afa4-bcd76f5980f8\" href=\"https:\/\/hajnoczy.com\/wp\/wp-content\/uploads\/2025\/09\/2025_2026-munkaterv_utemterve_vegleges-1.pdf\">2025_2026-munkaterv_utemterve_vegleges-1<\/a><a href=\"https:\/\/hajnoczy.com\/wp\/wp-content\/uploads\/2025\/09\/2025_2026-munkaterv_utemterve_vegleges-1.pdf\" class=\"wp-block-file__button wp-element-button\" download aria-describedby=\"wp-block-file--media-4b1d587e-141c-47af-afa4-bcd76f5980f8\">Let\u00f6lt\u00e9s<\/a><\/div>\n","protected":false},"excerpt":{"rendered":"<p>Megtekinthet\u0151, let\u00f6lthet\u0151 PDF form\u00e1tumban a linkre kattintva. \u2013><\/p>\n","protected":false},"author":1,"featured_media":0,"parent":0,"menu_order":0,"comment_status":"closed","ping_status":"closed","template":"","meta":{"footnotes":""},"yoast_head":"<!-- This site is optimized with the Yoast SEO plugin v22.6 - https:\/\/yoast.com\/wordpress\/plugins\/seo\/ -->\n<title>Munkaterv 2025\/2026 - HJG<\/title>\n<meta name=\"robots\" content=\"index, follow, max-snippet:-1, max-image-preview:large, max-video-preview:-1\" \/>\n<link rel=\"canonical\" href=\"https:\/\/hajnoczy.com\/wp\/munkaterv-2024-2025\/\" \/>\n<meta property=\"og:locale\" content=\"hu_HU\" \/>\n<meta property=\"og:type\" content=\"article\" \/>\n<meta property=\"og:title\" content=\"Munkaterv 2025\/2026 - HJG\" \/>\n<meta property=\"og:description\" content=\"Megtekinthet\u0151, let\u00f6lthet\u0151 PDF form\u00e1tumban a linkre kattintva. \u2013&gt;\" \/>\n<meta property=\"og:url\" content=\"https:\/\/hajnoczy.com\/wp\/munkaterv-2024-2025\/\" \/>\n<meta property=\"og:site_name\" content=\"HJG\" \/>\n<meta property=\"article:modified_time\" content=\"2025-09-12T18:38:57+00:00\" \/>\n<meta name=\"twitter:card\" content=\"summary_large_image\" \/>\n<meta name=\"twitter:label1\" content=\"Becs\u00fclt olvas\u00e1si id\u0151\" \/>\n\t<meta name=\"twitter:data1\" content=\"1 perc\" \/>\n<script type=\"application\/ld+json\" class=\"yoast-schema-graph\">{\"@context\":\"https:\/\/schema.org\",\"@graph\":[{\"@type\":\"WebPage\",\"@id\":\"https:\/\/hajnoczy.com\/wp\/munkaterv-2024-2025\/\",\"url\":\"https:\/\/hajnoczy.com\/wp\/munkaterv-2024-2025\/\",\"name\":\"Munkaterv 2025\/2026 - HJG\",\"isPartOf\":{\"@id\":\"https:\/\/hajnoczy.com\/wp\/#website\"},\"datePublished\":\"2024-09-30T15:20:37+00:00\",\"dateModified\":\"2025-09-12T18:38:57+00:00\",\"breadcrumb\":{\"@id\":\"https:\/\/hajnoczy.com\/wp\/munkaterv-2024-2025\/#breadcrumb\"},\"inLanguage\":\"hu\",\"potentialAction\":[{\"@type\":\"ReadAction\",\"target\":[\"https:\/\/hajnoczy.com\/wp\/munkaterv-2024-2025\/\"]}]},{\"@type\":\"BreadcrumbList\",\"@id\":\"https:\/\/hajnoczy.com\/wp\/munkaterv-2024-2025\/#breadcrumb\",\"itemListElement\":[{\"@type\":\"ListItem\",\"position\":1,\"name\":\"Kezd\u0151lap\",\"item\":\"https:\/\/hajnoczy.com\/wp\/\"},{\"@type\":\"ListItem\",\"position\":2,\"name\":\"Munkaterv 2025\/2026\"}]},{\"@type\":\"WebSite\",\"@id\":\"https:\/\/hajnoczy.com\/wp\/#website\",\"url\":\"https:\/\/hajnoczy.com\/wp\/\",\"name\":\"HJG\",\"description\":\"Hajn\u00f3czy J\u00f3zsef Gimn\u00e1zium, Hum\u00e1n Szakgimn\u00e1zium \u00e9s Koll\u00e9gium\",\"publisher\":{\"@id\":\"https:\/\/hajnoczy.com\/wp\/#organization\"},\"potentialAction\":[{\"@type\":\"SearchAction\",\"target\":{\"@type\":\"EntryPoint\",\"urlTemplate\":\"https:\/\/hajnoczy.com\/wp\/?s={search_term_string}\"},\"query-input\":\"required name=search_term_string\"}],\"inLanguage\":\"hu\"},{\"@type\":\"Organization\",\"@id\":\"https:\/\/hajnoczy.com\/wp\/#organization\",\"name\":\"HJG\",\"url\":\"https:\/\/hajnoczy.com\/wp\/\",\"logo\":{\"@type\":\"ImageObject\",\"inLanguage\":\"hu\",\"@id\":\"https:\/\/hajnoczy.com\/wp\/#\/schema\/logo\/image\/\",\"url\":\"https:\/\/hajnoczy.com\/wp\/wp-content\/uploads\/2020\/10\/cropped-hjg_logo_small.png\",\"contentUrl\":\"https:\/\/hajnoczy.com\/wp\/wp-content\/uploads\/2020\/10\/cropped-hjg_logo_small.png\",\"width\":75,\"height\":75,\"caption\":\"HJG\"},\"image\":{\"@id\":\"https:\/\/hajnoczy.com\/wp\/#\/schema\/logo\/image\/\"}}]}<\/script>\n<!-- \/ Yoast SEO plugin. -->","yoast_head_json":{"title":"Munkaterv 2025\/2026 - HJG","robots":{"index":"index","follow":"follow","max-snippet":"max-snippet:-1","max-image-preview":"max-image-preview:large","max-video-preview":"max-video-preview:-1"},"canonical":"https:\/\/hajnoczy.com\/wp\/munkaterv-2024-2025\/","og_locale":"hu_HU","og_type":"article","og_title":"Munkaterv 2025\/2026 - HJG","og_description":"Megtekinthet\u0151, let\u00f6lthet\u0151 PDF form\u00e1tumban a linkre kattintva. \u2013>","og_url":"https:\/\/hajnoczy.com\/wp\/munkaterv-2024-2025\/","og_site_name":"HJG","article_modified_time":"2025-09-12T18:38:57+00:00","twitter_card":"summary_large_image","twitter_misc":{"Becs\u00fclt olvas\u00e1si id\u0151":"1 perc"},"schema":{"@context":"https:\/\/schema.org","@graph":[{"@type":"WebPage","@id":"https:\/\/hajnoczy.com\/wp\/munkaterv-2024-2025\/","url":"https:\/\/hajnoczy.com\/wp\/munkaterv-2024-2025\/","name":"Munkaterv 2025\/2026 - HJG","isPartOf":{"@id":"https:\/\/hajnoczy.com\/wp\/#website"},"datePublished":"2024-09-30T15:20:37+00:00","dateModified":"2025-09-12T18:38:57+00:00","breadcrumb":{"@id":"https:\/\/hajnoczy.com\/wp\/munkaterv-2024-2025\/#breadcrumb"},"inLanguage":"hu","potentialAction":[{"@type":"ReadAction","target":["https:\/\/hajnoczy.com\/wp\/munkaterv-2024-2025\/"]}]},{"@type":"BreadcrumbList","@id":"https:\/\/hajnoczy.com\/wp\/munkaterv-2024-2025\/#breadcrumb","itemListElement":[{"@type":"ListItem","position":1,"name":"Kezd\u0151lap","item":"https:\/\/hajnoczy.com\/wp\/"},{"@type":"ListItem","position":2,"name":"Munkaterv 2025\/2026"}]},{"@type":"WebSite","@id":"https:\/\/hajnoczy.com\/wp\/#website","url":"https:\/\/hajnoczy.com\/wp\/","name":"HJG","description":"Hajn\u00f3czy J\u00f3zsef Gimn\u00e1zium, Hum\u00e1n Szakgimn\u00e1zium \u00e9s Koll\u00e9gium","publisher":{"@id":"https:\/\/hajnoczy.com\/wp\/#organization"},"potentialAction":[{"@type":"SearchAction","target":{"@type":"EntryPoint","urlTemplate":"https:\/\/hajnoczy.com\/wp\/?s={search_term_string}"},"query-input":"required name=search_term_string"}],"inLanguage":"hu"},{"@type":"Organization","@id":"https:\/\/hajnoczy.com\/wp\/#organization","name":"HJG","url":"https:\/\/hajnoczy.com\/wp\/","logo":{"@type":"ImageObject","inLanguage":"hu","@id":"https:\/\/hajnoczy.com\/wp\/#\/schema\/logo\/image\/","url":"https:\/\/hajnoczy.com\/wp\/wp-content\/uploads\/2020\/10\/cropped-hjg_logo_small.png","contentUrl":"https:\/\/hajnoczy.com\/wp\/wp-content\/uploads\/2020\/10\/cropped-hjg_logo_small.png","width":75,"height":75,"caption":"HJG"},"image":{"@id":"https:\/\/hajnoczy.com\/wp\/#\/schema\/logo\/image\/"}}]}},"_links":{"self":[{"href":"https:\/\/hajnoczy.com\/wp\/wp-json\/wp\/v2\/pages\/1942"}],"collection":[{"href":"https:\/\/hajnoczy.com\/wp\/wp-json\/wp\/v2\/pages"}],"about":[{"href":"https:\/\/hajnoczy.com\/wp\/wp-json\/wp\/v2\/types\/page"}],"author":[{"embeddable":true,"href":"https:\/\/hajnoczy.com\/wp\/wp-json\/wp\/v2\/users\/1"}],"replies":[{"embeddable":true,"href":"https:\/\/hajnoczy.com\/wp\/wp-json\/wp\/v2\/comments?post=1942"}],"version-history":[{"count":3,"href":"https:\/\/hajnoczy.com\/wp\/wp-json\/wp\/v2\/pages\/1942\/revisions"}],"predecessor-version":[{"id":2550,"href":"https:\/\/hajnoczy.com\/wp\/wp-json\/wp\/v2\/pages\/1942\/revisions\/2550"}],"wp:attachment":[{"href":"https:\/\/hajnoczy.com\/wp\/wp-json\/wp\/v2\/media?parent=1942"}],"curies":[{"name":"wp","href":"https:\/\/api.w.org\/{rel}","templated":true}]}}