{"id":2616,"date":"2025-10-05T18:27:45","date_gmt":"2025-10-05T18:27:45","guid":{"rendered":"https:\/\/hajnoczy.com\/wp\/?page_id=2616"},"modified":"2025-10-05T18:27:45","modified_gmt":"2025-10-05T18:27:45","slug":"nyilt-nap-regisztracio","status":"publish","type":"page","link":"https:\/\/hajnoczy.com\/wp\/nyilt-nap-regisztracio\/","title":{"rendered":"Ny\u00edlt nap regisztr\u00e1ci\u00f3"},"content":{"rendered":"\n<p class=\"has-black-color has-text-color\" style=\"font-size:18px\">Tisztelt Sz\u00fcl\u0151! Kedves Tanul\u00f3!<\/p>\n\n\n\n<p class=\"has-black-color has-text-color\" style=\"font-size:18px\">A 2025. november 14-\u00e9n tartand\u00f3 ny\u00edlt napunkra a k\u00f6vetkez\u0151 linken tud regisztr\u00e1lni.<\/p>\n\n\n\n<p class=\"has-navy-blue-color has-text-color\" style=\"font-size:18px\"><a href=\"https:\/\/docs.google.com\/forms\/d\/e\/1FAIpQLScKjOBUXCRX195TnQs0cBuaLMCiQZQ2wCdd4L2wi3DF-WKY9Q\/viewform?usp=dialog\">Ny\u00edlt nap regisztr\u00e1ci\u00f3 <\/a><\/p>\n","protected":false},"excerpt":{"rendered":"<p>Tisztelt Sz\u00fcl\u0151! Kedves Tanul\u00f3! A 2025. november 14-\u00e9n tartand\u00f3 ny\u00edlt napunkra a k\u00f6vetkez\u0151 linken tud regisztr\u00e1lni. Ny\u00edlt nap regisztr\u00e1ci\u00f3<\/p>\n","protected":false},"author":1,"featured_media":0,"parent":0,"menu_order":0,"comment_status":"closed","ping_status":"closed","template":"","meta":{"footnotes":""},"yoast_head":"<!-- This site is optimized with the Yoast SEO plugin v22.6 - https:\/\/yoast.com\/wordpress\/plugins\/seo\/ -->\n<title>Ny\u00edlt nap regisztr\u00e1ci\u00f3 - HJG<\/title>\n<meta name=\"robots\" content=\"index, follow, max-snippet:-1, max-image-preview:large, max-video-preview:-1\" \/>\n<link rel=\"canonical\" href=\"http:\/\/hajnoczy.com\/wp\/nyilt-nap-regisztracio\/\" \/>\n<meta property=\"og:locale\" content=\"hu_HU\" \/>\n<meta property=\"og:type\" content=\"article\" \/>\n<meta property=\"og:title\" content=\"Ny\u00edlt nap regisztr\u00e1ci\u00f3 - HJG\" \/>\n<meta property=\"og:description\" content=\"Tisztelt Sz\u00fcl\u0151! Kedves Tanul\u00f3! A 2025. november 14-\u00e9n tartand\u00f3 ny\u00edlt napunkra a k\u00f6vetkez\u0151 linken tud regisztr\u00e1lni. Ny\u00edlt nap regisztr\u00e1ci\u00f3\" \/>\n<meta property=\"og:url\" content=\"http:\/\/hajnoczy.com\/wp\/nyilt-nap-regisztracio\/\" \/>\n<meta property=\"og:site_name\" content=\"HJG\" \/>\n<meta name=\"twitter:card\" content=\"summary_large_image\" \/>\n<meta name=\"twitter:label1\" content=\"Becs\u00fclt olvas\u00e1si id\u0151\" \/>\n\t<meta name=\"twitter:data1\" content=\"1 perc\" \/>\n<script type=\"application\/ld+json\" class=\"yoast-schema-graph\">{\"@context\":\"https:\/\/schema.org\",\"@graph\":[{\"@type\":\"WebPage\",\"@id\":\"http:\/\/hajnoczy.com\/wp\/nyilt-nap-regisztracio\/\",\"url\":\"http:\/\/hajnoczy.com\/wp\/nyilt-nap-regisztracio\/\",\"name\":\"Ny\u00edlt nap regisztr\u00e1ci\u00f3 - HJG\",\"isPartOf\":{\"@id\":\"https:\/\/hajnoczy.com\/wp\/#website\"},\"datePublished\":\"2025-10-05T18:27:45+00:00\",\"dateModified\":\"2025-10-05T18:27:45+00:00\",\"breadcrumb\":{\"@id\":\"http:\/\/hajnoczy.com\/wp\/nyilt-nap-regisztracio\/#breadcrumb\"},\"inLanguage\":\"hu\",\"potentialAction\":[{\"@type\":\"ReadAction\",\"target\":[\"http:\/\/hajnoczy.com\/wp\/nyilt-nap-regisztracio\/\"]}]},{\"@type\":\"BreadcrumbList\",\"@id\":\"http:\/\/hajnoczy.com\/wp\/nyilt-nap-regisztracio\/#breadcrumb\",\"itemListElement\":[{\"@type\":\"ListItem\",\"position\":1,\"name\":\"Kezd\u0151lap\",\"item\":\"https:\/\/hajnoczy.com\/wp\/\"},{\"@type\":\"ListItem\",\"position\":2,\"name\":\"Ny\u00edlt nap regisztr\u00e1ci\u00f3\"}]},{\"@type\":\"WebSite\",\"@id\":\"https:\/\/hajnoczy.com\/wp\/#website\",\"url\":\"https:\/\/hajnoczy.com\/wp\/\",\"name\":\"HJG\",\"description\":\"Hajn\u00f3czy J\u00f3zsef Gimn\u00e1zium, Hum\u00e1n Szakgimn\u00e1zium \u00e9s Koll\u00e9gium\",\"publisher\":{\"@id\":\"https:\/\/hajnoczy.com\/wp\/#organization\"},\"potentialAction\":[{\"@type\":\"SearchAction\",\"target\":{\"@type\":\"EntryPoint\",\"urlTemplate\":\"https:\/\/hajnoczy.com\/wp\/?s={search_term_string}\"},\"query-input\":\"required name=search_term_string\"}],\"inLanguage\":\"hu\"},{\"@type\":\"Organization\",\"@id\":\"https:\/\/hajnoczy.com\/wp\/#organization\",\"name\":\"HJG\",\"url\":\"https:\/\/hajnoczy.com\/wp\/\",\"logo\":{\"@type\":\"ImageObject\",\"inLanguage\":\"hu\",\"@id\":\"https:\/\/hajnoczy.com\/wp\/#\/schema\/logo\/image\/\",\"url\":\"https:\/\/hajnoczy.com\/wp\/wp-content\/uploads\/2020\/10\/cropped-hjg_logo_small.png\",\"contentUrl\":\"https:\/\/hajnoczy.com\/wp\/wp-content\/uploads\/2020\/10\/cropped-hjg_logo_small.png\",\"width\":75,\"height\":75,\"caption\":\"HJG\"},\"image\":{\"@id\":\"https:\/\/hajnoczy.com\/wp\/#\/schema\/logo\/image\/\"}}]}<\/script>\n<!-- \/ Yoast SEO plugin. -->","yoast_head_json":{"title":"Ny\u00edlt nap regisztr\u00e1ci\u00f3 - HJG","robots":{"index":"index","follow":"follow","max-snippet":"max-snippet:-1","max-image-preview":"max-image-preview:large","max-video-preview":"max-video-preview:-1"},"canonical":"http:\/\/hajnoczy.com\/wp\/nyilt-nap-regisztracio\/","og_locale":"hu_HU","og_type":"article","og_title":"Ny\u00edlt nap regisztr\u00e1ci\u00f3 - HJG","og_description":"Tisztelt Sz\u00fcl\u0151! Kedves Tanul\u00f3! A 2025. november 14-\u00e9n tartand\u00f3 ny\u00edlt napunkra a k\u00f6vetkez\u0151 linken tud regisztr\u00e1lni. Ny\u00edlt nap regisztr\u00e1ci\u00f3","og_url":"http:\/\/hajnoczy.com\/wp\/nyilt-nap-regisztracio\/","og_site_name":"HJG","twitter_card":"summary_large_image","twitter_misc":{"Becs\u00fclt olvas\u00e1si id\u0151":"1 perc"},"schema":{"@context":"https:\/\/schema.org","@graph":[{"@type":"WebPage","@id":"http:\/\/hajnoczy.com\/wp\/nyilt-nap-regisztracio\/","url":"http:\/\/hajnoczy.com\/wp\/nyilt-nap-regisztracio\/","name":"Ny\u00edlt nap regisztr\u00e1ci\u00f3 - HJG","isPartOf":{"@id":"https:\/\/hajnoczy.com\/wp\/#website"},"datePublished":"2025-10-05T18:27:45+00:00","dateModified":"2025-10-05T18:27:45+00:00","breadcrumb":{"@id":"http:\/\/hajnoczy.com\/wp\/nyilt-nap-regisztracio\/#breadcrumb"},"inLanguage":"hu","potentialAction":[{"@type":"ReadAction","target":["http:\/\/hajnoczy.com\/wp\/nyilt-nap-regisztracio\/"]}]},{"@type":"BreadcrumbList","@id":"http:\/\/hajnoczy.com\/wp\/nyilt-nap-regisztracio\/#breadcrumb","itemListElement":[{"@type":"ListItem","position":1,"name":"Kezd\u0151lap","item":"https:\/\/hajnoczy.com\/wp\/"},{"@type":"ListItem","position":2,"name":"Ny\u00edlt nap regisztr\u00e1ci\u00f3"}]},{"@type":"WebSite","@id":"https:\/\/hajnoczy.com\/wp\/#website","url":"https:\/\/hajnoczy.com\/wp\/","name":"HJG","description":"Hajn\u00f3czy J\u00f3zsef Gimn\u00e1zium, Hum\u00e1n Szakgimn\u00e1zium \u00e9s Koll\u00e9gium","publisher":{"@id":"https:\/\/hajnoczy.com\/wp\/#organization"},"potentialAction":[{"@type":"SearchAction","target":{"@type":"EntryPoint","urlTemplate":"https:\/\/hajnoczy.com\/wp\/?s={search_term_string}"},"query-input":"required name=search_term_string"}],"inLanguage":"hu"},{"@type":"Organization","@id":"https:\/\/hajnoczy.com\/wp\/#organization","name":"HJG","url":"https:\/\/hajnoczy.com\/wp\/","logo":{"@type":"ImageObject","inLanguage":"hu","@id":"https:\/\/hajnoczy.com\/wp\/#\/schema\/logo\/image\/","url":"https:\/\/hajnoczy.com\/wp\/wp-content\/uploads\/2020\/10\/cropped-hjg_logo_small.png","contentUrl":"https:\/\/hajnoczy.com\/wp\/wp-content\/uploads\/2020\/10\/cropped-hjg_logo_small.png","width":75,"height":75,"caption":"HJG"},"image":{"@id":"https:\/\/hajnoczy.com\/wp\/#\/schema\/logo\/image\/"}}]}},"_links":{"self":[{"href":"https:\/\/hajnoczy.com\/wp\/wp-json\/wp\/v2\/pages\/2616"}],"collection":[{"href":"https:\/\/hajnoczy.com\/wp\/wp-json\/wp\/v2\/pages"}],"about":[{"href":"https:\/\/hajnoczy.com\/wp\/wp-json\/wp\/v2\/types\/page"}],"author":[{"embeddable":true,"href":"https:\/\/hajnoczy.com\/wp\/wp-json\/wp\/v2\/users\/1"}],"replies":[{"embeddable":true,"href":"https:\/\/hajnoczy.com\/wp\/wp-json\/wp\/v2\/comments?post=2616"}],"version-history":[{"count":1,"href":"https:\/\/hajnoczy.com\/wp\/wp-json\/wp\/v2\/pages\/2616\/revisions"}],"predecessor-version":[{"id":2617,"href":"https:\/\/hajnoczy.com\/wp\/wp-json\/wp\/v2\/pages\/2616\/revisions\/2617"}],"wp:attachment":[{"href":"https:\/\/hajnoczy.com\/wp\/wp-json\/wp\/v2\/media?parent=2616"}],"curies":[{"name":"wp","href":"https:\/\/api.w.org\/{rel}","templated":true}]}}