{"id":595,"date":"2022-11-08T10:11:22","date_gmt":"2022-11-08T10:11:22","guid":{"rendered":"http:\/\/hajnoczy.com\/wp\/?page_id=595"},"modified":"2024-12-18T18:26:27","modified_gmt":"2024-12-18T18:26:27","slug":"merre-tovabb","status":"publish","type":"page","link":"https:\/\/hajnoczy.com\/wp\/merre-tovabb\/","title":{"rendered":"Merre tov\u00e1bb?"},"content":{"rendered":"\n<p><a href=\"https:\/\/www.szolnoktv.hu\/musorok\/merre-tovabb-2024-11-28?fbclid=IwZXh0bgNhZW0CMTAAAR0zkxr4sHwKYG35NGPrNB1MMdAbvj8hYZvvkMbIZUMV-FbiG5SDUQmcWts_aem_f_4H7LNjB1kiRt1wLyrDSA\">Bemutatkoz\u00f3 kisfilm megtekinthet\u0151 a Szolnok Telev\u00edzi\u00f3 csatorn\u00e1j\u00e1n &#8211;><\/a><\/p>\n","protected":false},"excerpt":{"rendered":"<p>Bemutatkoz\u00f3 kisfilm megtekinthet\u0151 a Szolnok Telev\u00edzi\u00f3 csatorn\u00e1j\u00e1n &#8211;><\/p>\n","protected":false},"author":1,"featured_media":596,"parent":0,"menu_order":0,"comment_status":"closed","ping_status":"closed","template":"","meta":{"footnotes":""},"yoast_head":"<!-- This site is optimized with the Yoast SEO plugin v22.6 - https:\/\/yoast.com\/wordpress\/plugins\/seo\/ -->\n<title>Merre tov\u00e1bb? - HJG<\/title>\n<meta name=\"robots\" content=\"index, follow, max-snippet:-1, max-image-preview:large, max-video-preview:-1\" \/>\n<link rel=\"canonical\" href=\"https:\/\/hajnoczy.com\/wp\/merre-tovabb\/\" \/>\n<meta property=\"og:locale\" content=\"hu_HU\" \/>\n<meta property=\"og:type\" content=\"article\" \/>\n<meta property=\"og:title\" content=\"Merre tov\u00e1bb? - HJG\" \/>\n<meta property=\"og:description\" content=\"Bemutatkoz\u00f3 kisfilm megtekinthet\u0151 a Szolnok Telev\u00edzi\u00f3 csatorn\u00e1j\u00e1n &#8211;&gt;\" \/>\n<meta property=\"og:url\" content=\"https:\/\/hajnoczy.com\/wp\/merre-tovabb\/\" \/>\n<meta property=\"og:site_name\" content=\"HJG\" \/>\n<meta property=\"article:modified_time\" content=\"2024-12-18T18:26:27+00:00\" \/>\n<meta property=\"og:image\" content=\"https:\/\/hajnoczy.com\/wp\/wp-content\/uploads\/2022\/11\/film.jpg\" \/>\n\t<meta property=\"og:image:width\" content=\"1786\" \/>\n\t<meta property=\"og:image:height\" content=\"600\" \/>\n\t<meta property=\"og:image:type\" content=\"image\/jpeg\" \/>\n<meta name=\"twitter:card\" content=\"summary_large_image\" \/>\n<meta name=\"twitter:label1\" content=\"Becs\u00fclt olvas\u00e1si id\u0151\" \/>\n\t<meta name=\"twitter:data1\" content=\"1 perc\" \/>\n<script type=\"application\/ld+json\" class=\"yoast-schema-graph\">{\"@context\":\"https:\/\/schema.org\",\"@graph\":[{\"@type\":\"WebPage\",\"@id\":\"https:\/\/hajnoczy.com\/wp\/merre-tovabb\/\",\"url\":\"https:\/\/hajnoczy.com\/wp\/merre-tovabb\/\",\"name\":\"Merre tov\u00e1bb? - HJG\",\"isPartOf\":{\"@id\":\"https:\/\/hajnoczy.com\/wp\/#website\"},\"primaryImageOfPage\":{\"@id\":\"https:\/\/hajnoczy.com\/wp\/merre-tovabb\/#primaryimage\"},\"image\":{\"@id\":\"https:\/\/hajnoczy.com\/wp\/merre-tovabb\/#primaryimage\"},\"thumbnailUrl\":\"https:\/\/hajnoczy.com\/wp\/wp-content\/uploads\/2022\/11\/film.jpg\",\"datePublished\":\"2022-11-08T10:11:22+00:00\",\"dateModified\":\"2024-12-18T18:26:27+00:00\",\"breadcrumb\":{\"@id\":\"https:\/\/hajnoczy.com\/wp\/merre-tovabb\/#breadcrumb\"},\"inLanguage\":\"hu\",\"potentialAction\":[{\"@type\":\"ReadAction\",\"target\":[\"https:\/\/hajnoczy.com\/wp\/merre-tovabb\/\"]}]},{\"@type\":\"ImageObject\",\"inLanguage\":\"hu\",\"@id\":\"https:\/\/hajnoczy.com\/wp\/merre-tovabb\/#primaryimage\",\"url\":\"https:\/\/hajnoczy.com\/wp\/wp-content\/uploads\/2022\/11\/film.jpg\",\"contentUrl\":\"https:\/\/hajnoczy.com\/wp\/wp-content\/uploads\/2022\/11\/film.jpg\",\"width\":1786,\"height\":600,\"caption\":\"Bemutatkoz\u00f3 kisfilm\"},{\"@type\":\"BreadcrumbList\",\"@id\":\"https:\/\/hajnoczy.com\/wp\/merre-tovabb\/#breadcrumb\",\"itemListElement\":[{\"@type\":\"ListItem\",\"position\":1,\"name\":\"Kezd\u0151lap\",\"item\":\"https:\/\/hajnoczy.com\/wp\/\"},{\"@type\":\"ListItem\",\"position\":2,\"name\":\"Merre tov\u00e1bb?\"}]},{\"@type\":\"WebSite\",\"@id\":\"https:\/\/hajnoczy.com\/wp\/#website\",\"url\":\"https:\/\/hajnoczy.com\/wp\/\",\"name\":\"HJG\",\"description\":\"Hajn\u00f3czy J\u00f3zsef Gimn\u00e1zium, Hum\u00e1n Szakgimn\u00e1zium \u00e9s Koll\u00e9gium\",\"publisher\":{\"@id\":\"https:\/\/hajnoczy.com\/wp\/#organization\"},\"potentialAction\":[{\"@type\":\"SearchAction\",\"target\":{\"@type\":\"EntryPoint\",\"urlTemplate\":\"https:\/\/hajnoczy.com\/wp\/?s={search_term_string}\"},\"query-input\":\"required name=search_term_string\"}],\"inLanguage\":\"hu\"},{\"@type\":\"Organization\",\"@id\":\"https:\/\/hajnoczy.com\/wp\/#organization\",\"name\":\"HJG\",\"url\":\"https:\/\/hajnoczy.com\/wp\/\",\"logo\":{\"@type\":\"ImageObject\",\"inLanguage\":\"hu\",\"@id\":\"https:\/\/hajnoczy.com\/wp\/#\/schema\/logo\/image\/\",\"url\":\"https:\/\/hajnoczy.com\/wp\/wp-content\/uploads\/2020\/10\/cropped-hjg_logo_small.png\",\"contentUrl\":\"https:\/\/hajnoczy.com\/wp\/wp-content\/uploads\/2020\/10\/cropped-hjg_logo_small.png\",\"width\":75,\"height\":75,\"caption\":\"HJG\"},\"image\":{\"@id\":\"https:\/\/hajnoczy.com\/wp\/#\/schema\/logo\/image\/\"}}]}<\/script>\n<!-- \/ Yoast SEO plugin. -->","yoast_head_json":{"title":"Merre tov\u00e1bb? - HJG","robots":{"index":"index","follow":"follow","max-snippet":"max-snippet:-1","max-image-preview":"max-image-preview:large","max-video-preview":"max-video-preview:-1"},"canonical":"https:\/\/hajnoczy.com\/wp\/merre-tovabb\/","og_locale":"hu_HU","og_type":"article","og_title":"Merre tov\u00e1bb? - HJG","og_description":"Bemutatkoz\u00f3 kisfilm megtekinthet\u0151 a Szolnok Telev\u00edzi\u00f3 csatorn\u00e1j\u00e1n &#8211;>","og_url":"https:\/\/hajnoczy.com\/wp\/merre-tovabb\/","og_site_name":"HJG","article_modified_time":"2024-12-18T18:26:27+00:00","og_image":[{"width":1786,"height":600,"url":"https:\/\/hajnoczy.com\/wp\/wp-content\/uploads\/2022\/11\/film.jpg","type":"image\/jpeg"}],"twitter_card":"summary_large_image","twitter_misc":{"Becs\u00fclt olvas\u00e1si id\u0151":"1 perc"},"schema":{"@context":"https:\/\/schema.org","@graph":[{"@type":"WebPage","@id":"https:\/\/hajnoczy.com\/wp\/merre-tovabb\/","url":"https:\/\/hajnoczy.com\/wp\/merre-tovabb\/","name":"Merre tov\u00e1bb? - HJG","isPartOf":{"@id":"https:\/\/hajnoczy.com\/wp\/#website"},"primaryImageOfPage":{"@id":"https:\/\/hajnoczy.com\/wp\/merre-tovabb\/#primaryimage"},"image":{"@id":"https:\/\/hajnoczy.com\/wp\/merre-tovabb\/#primaryimage"},"thumbnailUrl":"https:\/\/hajnoczy.com\/wp\/wp-content\/uploads\/2022\/11\/film.jpg","datePublished":"2022-11-08T10:11:22+00:00","dateModified":"2024-12-18T18:26:27+00:00","breadcrumb":{"@id":"https:\/\/hajnoczy.com\/wp\/merre-tovabb\/#breadcrumb"},"inLanguage":"hu","potentialAction":[{"@type":"ReadAction","target":["https:\/\/hajnoczy.com\/wp\/merre-tovabb\/"]}]},{"@type":"ImageObject","inLanguage":"hu","@id":"https:\/\/hajnoczy.com\/wp\/merre-tovabb\/#primaryimage","url":"https:\/\/hajnoczy.com\/wp\/wp-content\/uploads\/2022\/11\/film.jpg","contentUrl":"https:\/\/hajnoczy.com\/wp\/wp-content\/uploads\/2022\/11\/film.jpg","width":1786,"height":600,"caption":"Bemutatkoz\u00f3 kisfilm"},{"@type":"BreadcrumbList","@id":"https:\/\/hajnoczy.com\/wp\/merre-tovabb\/#breadcrumb","itemListElement":[{"@type":"ListItem","position":1,"name":"Kezd\u0151lap","item":"https:\/\/hajnoczy.com\/wp\/"},{"@type":"ListItem","position":2,"name":"Merre tov\u00e1bb?"}]},{"@type":"WebSite","@id":"https:\/\/hajnoczy.com\/wp\/#website","url":"https:\/\/hajnoczy.com\/wp\/","name":"HJG","description":"Hajn\u00f3czy J\u00f3zsef Gimn\u00e1zium, Hum\u00e1n Szakgimn\u00e1zium \u00e9s Koll\u00e9gium","publisher":{"@id":"https:\/\/hajnoczy.com\/wp\/#organization"},"potentialAction":[{"@type":"SearchAction","target":{"@type":"EntryPoint","urlTemplate":"https:\/\/hajnoczy.com\/wp\/?s={search_term_string}"},"query-input":"required name=search_term_string"}],"inLanguage":"hu"},{"@type":"Organization","@id":"https:\/\/hajnoczy.com\/wp\/#organization","name":"HJG","url":"https:\/\/hajnoczy.com\/wp\/","logo":{"@type":"ImageObject","inLanguage":"hu","@id":"https:\/\/hajnoczy.com\/wp\/#\/schema\/logo\/image\/","url":"https:\/\/hajnoczy.com\/wp\/wp-content\/uploads\/2020\/10\/cropped-hjg_logo_small.png","contentUrl":"https:\/\/hajnoczy.com\/wp\/wp-content\/uploads\/2020\/10\/cropped-hjg_logo_small.png","width":75,"height":75,"caption":"HJG"},"image":{"@id":"https:\/\/hajnoczy.com\/wp\/#\/schema\/logo\/image\/"}}]}},"_links":{"self":[{"href":"https:\/\/hajnoczy.com\/wp\/wp-json\/wp\/v2\/pages\/595"}],"collection":[{"href":"https:\/\/hajnoczy.com\/wp\/wp-json\/wp\/v2\/pages"}],"about":[{"href":"https:\/\/hajnoczy.com\/wp\/wp-json\/wp\/v2\/types\/page"}],"author":[{"embeddable":true,"href":"https:\/\/hajnoczy.com\/wp\/wp-json\/wp\/v2\/users\/1"}],"replies":[{"embeddable":true,"href":"https:\/\/hajnoczy.com\/wp\/wp-json\/wp\/v2\/comments?post=595"}],"version-history":[{"count":4,"href":"https:\/\/hajnoczy.com\/wp\/wp-json\/wp\/v2\/pages\/595\/revisions"}],"predecessor-version":[{"id":2120,"href":"https:\/\/hajnoczy.com\/wp\/wp-json\/wp\/v2\/pages\/595\/revisions\/2120"}],"wp:featuredmedia":[{"embeddable":true,"href":"https:\/\/hajnoczy.com\/wp\/wp-json\/wp\/v2\/media\/596"}],"wp:attachment":[{"href":"https:\/\/hajnoczy.com\/wp\/wp-json\/wp\/v2\/media?parent=595"}],"curies":[{"name":"wp","href":"https:\/\/api.w.org\/{rel}","templated":true}]}}